{"id":2766,"date":"2025-07-09T14:14:06","date_gmt":"2025-07-09T14:14:06","guid":{"rendered":"https:\/\/www.staging.etnosfera.ro\/?page_id=2766"},"modified":"2025-07-10T20:47:21","modified_gmt":"2025-07-10T20:47:21","slug":"author-guidlines","status":"publish","type":"page","link":"http:\/\/www.staging.etnosfera.ro\/ro\/author-guidlines\/","title":{"rendered":"Ghid Pentru Autori"},"content":{"rendered":"<div id=\"Author-guidlines\" class=\"fusion-container-anchor\"><div class=\"fusion-fullwidth fullwidth-box fusion-builder-row-1 fusion-flex-container has-pattern-background has-mask-background nonhundred-percent-fullwidth non-hundred-percent-height-scrolling\" style=\"--awb-border-radius-top-left:0px;--awb-border-radius-top-right:0px;--awb-border-radius-bottom-right:0px;--awb-border-radius-bottom-left:0px;--awb-flex-wrap:wrap;\" ><div class=\"fusion-builder-row fusion-row fusion-flex-align-items-flex-start fusion-flex-content-wrap\" style=\"max-width:1331.2px;margin-left: calc(-4% \/ 2 );margin-right: calc(-4% \/ 2 );\"><div class=\"fusion-layout-column fusion_builder_column fusion-builder-column-0 fusion_builder_column_1_1 1_1 fusion-flex-column\" style=\"--awb-bg-size:cover;--awb-width-large:100%;--awb-margin-top-large:0px;--awb-spacing-right-large:1.92%;--awb-margin-bottom-large:20px;--awb-spacing-left-large:1.92%;--awb-width-medium:100%;--awb-order-medium:0;--awb-spacing-right-medium:1.92%;--awb-spacing-left-medium:1.92%;--awb-width-small:100%;--awb-order-small:0;--awb-spacing-right-small:1.92%;--awb-spacing-left-small:1.92%;\"><div class=\"fusion-column-wrapper fusion-column-has-shadow fusion-flex-justify-content-flex-start fusion-content-layout-column\"><div class=\"fusion-title title fusion-title-1 fusion-sep-none fusion-title-center fusion-title-text fusion-title-size-two\" style=\"--awb-margin-bottom:40px;\"><h2 class=\"fusion-title-heading title-heading-center\" style=\"margin:0;\"><h2>GHID PENTRU AUTORI<\/h2><\/h2><\/div><div class=\"fusion-image-element\" style=\"text-align:center;--awb-margin-top-small:40px;--awb-max-width:125px;--awb-caption-title-font-family:var(--h2_typography-font-family);--awb-caption-title-font-weight:var(--h2_typography-font-weight);--awb-caption-title-font-style:var(--h2_typography-font-style);--awb-caption-title-size:var(--h2_typography-font-size);--awb-caption-title-transform:var(--h2_typography-text-transform);--awb-caption-title-line-height:var(--h2_typography-line-height);--awb-caption-title-letter-spacing:var(--h2_typography-letter-spacing);\"><span class=\"fusion-imageframe imageframe-none imageframe-1 hover-type-none\"><img decoding=\"async\" width=\"369\" height=\"15\" title=\"divider\" src=\"http:\/\/www.staging.etnosfera.ro\/wp-content\/uploads\/2025\/04\/divider.png\" data-orig-src=\"https:\/\/www.staging.etnosfera.ro\/wp-content\/uploads\/2025\/04\/divider.png\" alt class=\"lazyload img-responsive wp-image-1922\" srcset=\"data:image\/svg+xml,%3Csvg%20xmlns%3D%27http%3A%2F%2Fwww.w3.org%2F2000%2Fsvg%27%20width%3D%27369%27%20height%3D%2715%27%20viewBox%3D%270%200%20369%2015%27%3E%3Crect%20width%3D%27369%27%20height%3D%2715%27%20fill-opacity%3D%220%22%2F%3E%3C%2Fsvg%3E\" data-srcset=\"http:\/\/www.staging.etnosfera.ro\/wp-content\/uploads\/2025\/04\/divider-200x8.png 200w, http:\/\/www.staging.etnosfera.ro\/wp-content\/uploads\/2025\/04\/divider.png 369w\" data-sizes=\"auto\" data-orig-sizes=\"(max-width: 820px) 100vw, 369px\" \/><\/span><\/div><div class=\"fusion-text fusion-text-1\"><ul>\n<li style=\"font-weight: 400;\" aria-level=\"1\"><span style=\"font-weight: 400;\">V\u0103 mul\u021bumim c\u0103 a\u021bi ales s\u0103 ne trimite\u021bi lucrarea dumneavoastr\u0103. Aceste instruc\u021biuni v\u0103 vor ajuta s\u0103 \u00eendeplini\u021bi cele necesare pentru ca lucrarea dvs. s\u0103 poat\u0103 fi publicat\u0103 \u00een Revista Etnosfera.\u00a0<\/span><\/li>\n<li style=\"font-weight: 400;\" aria-level=\"1\"><span style=\"font-weight: 400;\">V\u0103 rug\u0103m s\u0103 respecta\u021bi \u00eentocmai ghidul pentru autori, deoarece materialele neconforme din acest punct de vedere vor fi respinse automat.<\/span><span style=\"font-weight: 400;\">.\u00a0<\/span><\/li>\n<li style=\"font-weight: 400;\" aria-level=\"1\"><span style=\"font-weight: 400;\">INSTRUC\u021aIUNI GENERALE<\/span><\/li>\n<\/ul>\n<ol>\n<li style=\"font-weight: 400;\" aria-level=\"1\"><span style=\"font-weight: 400;\">V\u0103 rug\u0103m s\u0103 v\u0103 asigura\u021bi c\u0103 trimite\u021bi manuscrisul \u00eenainte de termenul limit\u0103 de trimitere pentru num\u0103rul \u00een care dori\u021bi s\u0103 publica\u021bi (consulta\u021bi sec\u021biunea \u201eApel pentru publicare\u201d de pe site). Articolele trimise dup\u0103 termenul limit\u0103 de depunere nu vor fi prelucrate de redac\u021bie.<\/span><\/li>\n<li style=\"font-weight: 400;\" aria-level=\"1\"><span style=\"font-weight: 400;\">\u00cen momentul de fa\u021b\u0103 Revista Etnosfera public\u0103 \u00een versiunea tip\u0103rit\u0103 \u0219i electronic\u0103 numai materialele care sunt \u00een limba englez\u0103. Cu toate acestea, pe site-ul Revistei public\u0103m \u0219i o versiune \u00een limba rom\u00e2n\u0103, a\u0219a c\u0103 invit\u0103m autorii care vor s\u0103 publice \u0219i varianta \u00een limba rom\u00e2n\u0103 a materialului s\u0103 ne-o trimit\u0103.<\/span><\/li>\n<li style=\"font-weight: 400;\" aria-level=\"1\"><span style=\"font-weight: 400;\">Manuscrisele trebuie trimise la adresa: <\/span><a href=\"mailto:office@etnosfera.ro\"><span style=\"font-weight: 400;\">office@etnosfera.ro<\/span><\/a><span style=\"font-weight: 400;\">.\u00a0<\/span><\/li>\n<li style=\"font-weight: 400;\" aria-level=\"1\"><span style=\"font-weight: 400;\">Nu exist\u0103 taxe pentru publicarea \u00een aceast\u0103 revist\u0103<\/span><\/li>\n<li style=\"font-weight: 400;\" aria-level=\"1\"><span style=\"font-weight: 400;\">Dup\u0103 trimiterea manuscriselor, autorii vor fi notifica\u021bi cu privire la eligibilitatea general\u0103 a lucr\u0103rii lor.\u00a0<\/span><\/li>\n<li style=\"font-weight: 400;\" aria-level=\"1\"><span style=\"font-weight: 400;\">Calitatea lucr\u0103rilor nu este evaluat\u0103 \u00een acest moment.<\/span><\/li>\n<li style=\"font-weight: 400;\" aria-level=\"1\"><span style=\"font-weight: 400;\">\u00cen cazul \u00een care un articol nu \u00eendepline\u0219te liniile directoare ale revistei, acesta va fi trimis din nou autorului pentru a face modific\u0103rile necesare. Dac\u0103 nici dup\u0103 o a doua transmitere, articolul nu \u00eendepline\u0219te liniile directoare, acesta va fi respins \u0219i autorul va fi informat.<\/span><\/li>\n<\/ol>\n<ul>\n<li style=\"font-weight: 400;\" aria-level=\"1\"><span style=\"font-weight: 400;\">FORMATUL LUCR\u0102RILOR\u00a0<\/span><\/li>\n<\/ul>\n<ol>\n<li style=\"font-weight: 400;\" aria-level=\"1\"><span style=\"font-weight: 400;\">Textul va fi editat \u00eentr-un document Microsoft Word.<\/span><\/li>\n<li style=\"font-weight: 400;\" aria-level=\"1\"><span style=\"font-weight: 400;\">Materialul trebuie s\u0103 fie redactat \u00een limba englez\u0103.<\/span><\/li>\n<li style=\"font-weight: 400;\" aria-level=\"1\"><span style=\"font-weight: 400;\">Materialul trebuie s\u0103 aib\u0103 \u00eentre 3.500-5.000 de cuvinte, inclusiv tabele, referin\u021be, note de subsol (\u00eentre 5-15 pagini). Articolele sub 3.500 sau peste 8.000 de cuvinte nu vor fi publicate.<\/span><\/li>\n<li style=\"font-weight: 400;\" aria-level=\"1\"><span style=\"font-weight: 400;\">Titlul articolului: titlu 1, Times New Roman, 14, centrat, majuscule, bold.<\/span><\/li>\n<li style=\"font-weight: 400;\" aria-level=\"1\"><span style=\"font-weight: 400;\">Numele autorului: imediat dup\u0103 titlul articolului, Times New Roman, 11, aliniat la dreapta, italic (cu not\u0103 de subsol: afilierea institu\u021bional\u0103, adresa de e-mail).<\/span><\/li>\n<li style=\"font-weight: 400;\" aria-level=\"1\"><span style=\"font-weight: 400;\">Rezumat: materialul va avea un rezumat de 150-250 de cuvinte, Times New Roman, 10, aliniat st\u00e2nga-dreapta, 1 spa\u021biere, italic + 3-5 cuvinte-cheie.<\/span><\/li>\n<li style=\"font-weight: 400;\" aria-level=\"1\"><span style=\"font-weight: 400;\">Materialul trebuie s\u0103 fie organizat pe capitole \u0219i subcapitole, care vor fi numerotate. Titlurile vor fi scrise cu Times New Roman, bold, cu majuscule \u0219i aliniate la centru.<\/span><\/li>\n<li style=\"font-weight: 400;\" aria-level=\"1\"><span style=\"font-weight: 400;\">Textul materialului (care poate fi articol sau recenzie): Times New Roman, 11, aliniat st\u00e2nga-dreapta, spa\u021biere 1,15.<\/span><\/li>\n<\/ol>\n<ul>\n<li style=\"font-weight: 400;\" aria-level=\"1\"><span style=\"font-weight: 400;\">CITARE \u0218I BIBLIOGRAFIE\u00a0\u00a0<\/span><\/li>\n<\/ul>\n<p><b>Citarea:<\/b><\/p>\n<\/div><div class=\"fusion-text fusion-text-2\"><ol>\n<li style=\"font-weight: 400;\" aria-level=\"1\"><span style=\"font-weight: 400;\">Citarea<\/span><span style=\"font-weight: 400;\"> trebuie s\u0103 se fac\u0103 numai \u00een notele de subsol, nu \u00een text. Notele de subsol trebuie s\u0103 fie scrise cu Times New Roman, 10, aliniate st\u00e2nga-dreapta, spa\u021biere 1.<\/span><\/li>\n<li style=\"font-weight: 400;\" aria-level=\"1\" class=\"translation-block\">Citatele trebuie s\u0103 fie \u00eencadrate \u00een ghilimele, Times New Roman, 10, aliniate st\u00e2nga-dreapta, cu spa\u021biere 1. Important: \u00een nota de subsol, citatul \u00een limba original\u0103 (cu excep\u021bia celor \u00een limba englez\u0103) trebuie s\u0103 fie indicat prima dat\u0103, urmat de surs\u0103. Este obligatoriu ca fiecare citare s\u0103 fie \u00eenso\u021bit\u0103 de surs\u0103 (inclusiv pagina, cu excep\u021bia materialelor electronice).<\/li>\n<li style=\"font-weight: 400;\" aria-level=\"1\"><span style=\"font-weight: 400;\">C\u00e2teva exemple de cit\u0103ri \u00een notele de subsol<\/span><span style=\"font-weight: 400;\">:<\/span><\/li>\n<li style=\"list-style-type: none;\"><\/li>\n<\/ol>\n<\/div><div class=\"fusion-builder-row fusion-builder-row-inner fusion-row fusion-flex-align-items-flex-start fusion-flex-content-wrap\" style=\"width:104% !important;max-width:104% !important;margin-left: calc(-4% \/ 2 );margin-right: calc(-4% \/ 2 );\"><div class=\"fusion-layout-column fusion_builder_column_inner fusion-builder-nested-column-0 fusion_builder_column_inner_1_6 1_6 fusion-flex-column\" style=\"--awb-bg-size:cover;--awb-width-large:16.666666666667%;--awb-margin-top-large:0px;--awb-spacing-right-large:11.52%;--awb-margin-bottom-large:20px;--awb-spacing-left-large:11.52%;--awb-width-medium:16.666666666667%;--awb-order-medium:0;--awb-spacing-right-medium:11.52%;--awb-spacing-left-medium:11.52%;--awb-width-small:100%;--awb-order-small:0;--awb-spacing-right-small:1.92%;--awb-spacing-left-small:1.92%;\"><div class=\"fusion-column-wrapper fusion-column-has-shadow fusion-flex-justify-content-flex-start fusion-content-layout-column\"><\/div><\/div><div class=\"fusion-layout-column fusion_builder_column_inner fusion-builder-nested-column-1 fusion_builder_column_inner_5_6 5_6 fusion-flex-column\" style=\"--awb-bg-size:cover;--awb-width-large:83.333333333333%;--awb-margin-top-large:0px;--awb-spacing-right-large:2.304%;--awb-margin-bottom-large:20px;--awb-spacing-left-large:2.304%;--awb-width-medium:83.333333333333%;--awb-order-medium:0;--awb-spacing-right-medium:2.304%;--awb-spacing-left-medium:2.304%;--awb-width-small:100%;--awb-order-small:0;--awb-spacing-right-small:1.92%;--awb-spacing-left-small:1.92%;\"><div class=\"fusion-column-wrapper fusion-column-has-shadow fusion-flex-justify-content-flex-start fusion-content-layout-column\"><div class=\"fusion-text fusion-text-3\"><p style=\"text-align: justify;\">3.1<strong> Carte: <\/strong>prenume nume autor, <em>Titlu carte<\/em>, Ora\u0219, Editura, An, p. 11 (ex: Alina Popescu, <em>Introducere \u00een sociologie<\/em>, Bucure\u0219ti, Editura Beladi, 2002, p. 11). Not\u0103: dac\u0103 avem doi autori, folosim Mihai Popescu \u0219i Ion Ionescu, dac\u0103 avem trei autori, folosim Alin Vasile, Mihai Popescu \u0219i Ion Ionescu, iar dac\u0103 avem mai mult de trei autori, men\u021bion\u0103m toate prenumele \u0219i numele \u00een prima citare, apoi folosim prenumele \u0219i numele primului autor urmat de \u201eet al\u201d (ex: Alin Vasile et al.). \u00cen cazul \u00een care exist\u0103 mai multe lucr\u0103ri ale aceluia\u0219i autor, din acela\u0219i an, dup\u0103 anul de publicare trebuie s\u0103 se introduc\u0103 literele a, b, c etc.<\/p>\n<\/div><div class=\"fusion-text fusion-text-4\"><p style=\"text-align: justify;\">3.2<strong> Volume coordonate: <\/strong>Dan Culcer, \u201eCre\u021bia Petru\u201d, \u00een Maria Zaciu (coord.), <em>Dic\u021bionarul scriitorilor rom\u00e2ni<\/em>, Bucure\u0219ti, Editura Funda\u021biei Culturale Rom\u00e2ne, 1995, p. 715.<\/p>\n<\/div><div class=\"fusion-text fusion-text-5\"><p style=\"text-align: justify;\">3.3<strong> Articol \u00een revist\u0103: <\/strong>George Bari\u021biu, \u201eScriitori clasici\u201d , \u00een Revista <em>Foaie pentru minte, inim\u0103 \u0219i literatur\u0103<\/em>, Bra\u0219ov, An I, Nr. 16\/1838, pp. 123-170.<\/p>\n<\/div><div class=\"fusion-text fusion-text-6\"><p style=\"text-align: justify;\">3.4<strong> Material electronic: <\/strong>Dan Popescu, \u201eIstoria sociologiei\u201d, \u00een <em>Mediafax<\/em>, 2 februarie 2022, Disponibil la adresa de internet: link, Accesat la data de 22 februarie 2021.<\/p>\n<\/div><\/div><\/div><\/div><div class=\"fusion-text fusion-text-7\"><p><strong>Alte men\u021biuni importante:<\/strong><\/p>\n<\/div><div class=\"fusion-text fusion-text-8\"><p>1. <u>Diferen\u021be \u00eentre nota de subsol \u0219i bibliografie:<\/u><\/p>\n<\/div><div class=\"fusion-builder-row fusion-builder-row-inner fusion-row fusion-flex-align-items-flex-start fusion-flex-content-wrap\" style=\"width:104% !important;max-width:104% !important;margin-left: calc(-4% \/ 2 );margin-right: calc(-4% \/ 2 );\"><div class=\"fusion-layout-column fusion_builder_column_inner fusion-builder-nested-column-2 fusion_builder_column_inner_1_6 1_6 fusion-flex-column\" style=\"--awb-bg-size:cover;--awb-width-large:16.666666666667%;--awb-margin-top-large:0px;--awb-spacing-right-large:11.52%;--awb-margin-bottom-large:20px;--awb-spacing-left-large:11.52%;--awb-width-medium:16.666666666667%;--awb-order-medium:0;--awb-spacing-right-medium:11.52%;--awb-spacing-left-medium:11.52%;--awb-width-small:100%;--awb-order-small:0;--awb-spacing-right-small:1.92%;--awb-spacing-left-small:1.92%;\"><div class=\"fusion-column-wrapper fusion-column-has-shadow fusion-flex-justify-content-flex-start fusion-content-layout-column\"><\/div><\/div><div class=\"fusion-layout-column fusion_builder_column_inner fusion-builder-nested-column-3 fusion_builder_column_inner_5_6 5_6 fusion-flex-column\" style=\"--awb-bg-size:cover;--awb-width-large:83.333333333333%;--awb-margin-top-large:0px;--awb-spacing-right-large:2.304%;--awb-margin-bottom-large:20px;--awb-spacing-left-large:2.304%;--awb-width-medium:83.333333333333%;--awb-order-medium:0;--awb-spacing-right-medium:2.304%;--awb-spacing-left-medium:2.304%;--awb-width-small:100%;--awb-order-small:0;--awb-spacing-right-small:1.92%;--awb-spacing-left-small:1.92%;\"><div class=\"fusion-column-wrapper fusion-column-has-shadow fusion-flex-justify-content-flex-start fusion-content-layout-column\"><div class=\"fusion-text fusion-text-9\"><p style=\"text-align: justify;\">1.1.\tLa notele de subsol: vom scrie mai \u00eent\u00e2i prenumele, apoi numele autorului, iar indicarea paginilor este obligatorie.<\/p>\n<\/div><div class=\"fusion-text fusion-text-10\"><p style=\"text-align: justify;\">1.2 La bibliografie: vom scrie mai \u00eent\u00e2i numele, apoi prenumele autorului, iar indicarea paginilor este obligatorie doar \u00een cazul articolelor publicate \u00een reviste sau \u00een cazul capitolelor din c\u0103r\u021bi.<\/p>\n<\/div><\/div><\/div><\/div><div class=\"fusion-text fusion-text-11\"><p>2. <u>Titlurile:<\/u><\/p>\n<\/div><div class=\"fusion-builder-row fusion-builder-row-inner fusion-row fusion-flex-align-items-flex-start fusion-flex-content-wrap\" style=\"width:104% !important;max-width:104% !important;margin-left: calc(-4% \/ 2 );margin-right: calc(-4% \/ 2 );\"><div class=\"fusion-layout-column fusion_builder_column_inner fusion-builder-nested-column-4 fusion_builder_column_inner_1_6 1_6 fusion-flex-column\" style=\"--awb-bg-size:cover;--awb-width-large:16.666666666667%;--awb-margin-top-large:0px;--awb-spacing-right-large:11.52%;--awb-margin-bottom-large:20px;--awb-spacing-left-large:11.52%;--awb-width-medium:16.666666666667%;--awb-order-medium:0;--awb-spacing-right-medium:11.52%;--awb-spacing-left-medium:11.52%;--awb-width-small:100%;--awb-order-small:0;--awb-spacing-right-small:1.92%;--awb-spacing-left-small:1.92%;\"><div class=\"fusion-column-wrapper fusion-column-has-shadow fusion-flex-justify-content-flex-start fusion-content-layout-column\"><\/div><\/div><div class=\"fusion-layout-column fusion_builder_column_inner fusion-builder-nested-column-5 fusion_builder_column_inner_5_6 5_6 fusion-flex-column\" style=\"--awb-bg-size:cover;--awb-width-large:83.333333333333%;--awb-margin-top-large:0px;--awb-spacing-right-large:2.304%;--awb-margin-bottom-large:20px;--awb-spacing-left-large:2.304%;--awb-width-medium:83.333333333333%;--awb-order-medium:0;--awb-spacing-right-medium:2.304%;--awb-spacing-left-medium:2.304%;--awb-width-small:100%;--awb-order-small:0;--awb-spacing-right-small:1.92%;--awb-spacing-left-small:1.92%;\"><div class=\"fusion-column-wrapper fusion-column-has-shadow fusion-flex-justify-content-flex-start fusion-content-layout-column\"><div class=\"fusion-text fusion-text-12\"><p style=\"text-align: justify;\">2.1 Titlurile c\u0103r\u021bilor, articolelor, etc., vor fi scrise mai \u00eent\u00e2i \u00een limba de origine, iar apoi vor fi traduse \u00een limba englez\u0103 \u0219i puse \u00eentre paranteze drepte.<\/p>\n<\/div><div class=\"fusion-text fusion-text-13\"><p style=\"text-align: justify;\">2.2 Pentru c\u0103r\u021bi: titlul este italic (ex: Alin Popescu, <em>Introducere \u00een sociologie<\/em> &#8230;).<\/p>\n<\/div><div class=\"fusion-text fusion-text-14\"><p style=\"text-align: justify;\">2.3 Pentru capitole \u00een c\u0103r\u021bi: titlul capitolului \u00eentre ghilimele, iar al c\u0103r\u021bii \u00een italic (ex: Alin Popescu, \u201eSociologia. Defini\u021bii \u0219i teorii\u201d \u2026 \u00een Alin Popescu (coord.), <em>Introducere \u00een sociologie<\/em> &#8230;).<\/p>\n<\/div><div class=\"fusion-text fusion-text-15\"><p style=\"text-align: justify;\">2.4 Articole (\u00een reviste sau online): titlul se pune \u00eentre ghilimele (ex: Mihai Popescu, \u201eSociologia. Defini\u021bii \u0219i teorii\u201d \u2026).<\/p>\n<\/div><\/div><\/div><\/div><div class=\"fusion-text fusion-text-16\"><p>3.<strong><em> op. cit<\/em>.:<\/strong> se folose\u0219te pentru a cita o singur\u0103 lucrare a unui autor; prima dat\u0103 trimiterea este integral\u0103, iar dup\u0103 aceea se folose\u0219te op. cit. + pagina\/paginile (ex: Alina Popescu, <em>op. cit.<\/em>, p. 2); se folose\u0219te \u00een cazul \u00een care p\u00e2n\u0103 la referin\u021ba bibliografic\u0103 de fa\u0163\u0103 au fost intercalate alte lucr\u0103ri ale altor autori.<\/p>\n<\/div><div class=\"fusion-text fusion-text-17\"><p class=\"translation-block\">4.<strong><em> Ibidem<\/em><\/strong>: se folose\u0219te atunci c\u00e2nd exist\u0103 trimiteri succesive la acela\u015fi autor \u015fi aceea\u0219i lucrare: <em>Ibidem<\/em>, p. 9.<\/p>\n<\/div><div class=\"fusion-text fusion-text-18\"><p class=\"translation-block\">5.<strong> \u00cen limba rom\u00e2n\u0103<\/strong>, ghilimelele sunt: \u201e \u2026\u201d\u00a0(Acestea se vor folosi \u00een notele de subsol, \u00een momentul \u00een care citatele sunt \u00een limba rom\u00e2n\u0103). Dac\u0103 avem ghilimele \u00een ghilimele vom proceda astfel: \u201e\u00ab \u2026 \u00bb\u201d.<strong> \u00cen limba englez\u0103,<\/strong> ghilimelele sunt: \u201c\u2026\u201d. Dac\u0103 avem ghilimele \u00een ghilimele proced\u0103m astfel: \u201cthis is our \u2018house\u2019 for today\u201d.<\/p>\n<\/div><div class=\"fusion-text fusion-text-19\"><p>6. <strong>Apostroful<\/strong>:\u00a0\u2019<\/p>\n<\/div><div class=\"fusion-text fusion-text-20\"><p><strong>Bibliografia:<\/strong><\/p>\n<\/div><div class=\"fusion-text fusion-text-21\"><p style=\"text-align: justify;\">1. Lista complet\u0103 a referin\u021belor citate \u00een text trebuie s\u0103 fie prezentat\u0103 la sf\u00e2r\u0219itul lucr\u0103rii, \u00een ordine alfabetic\u0103 dup\u0103 numele de familie al autorului. <em>Istoria sociologiei<\/em>, Bucure\u0219ti, Editura Antet, 2001).<\/p>\n<\/div><div class=\"fusion-text fusion-text-22\"><p style=\"text-align: justify;\">2.\tMaterialele care nu au autor vor fi marcate cu ***, <em>titlu<\/em>, etc. \u0219i vor fi a\u0219ezate ultimele la bibliografie.<\/p>\n<\/div><div class=\"fusion-text fusion-text-23\"><p style=\"text-align: justify;\">3. Formatarea bibliografiei va fi urm\u0103toarea: Times New Roman, 11, aliniat\u0103 st\u00e2nga-dreapta, spa\u021biere de 1,15. (ex.: Popescu Maria, <em>Istoria sociologiei<\/em>, Bucure\u0219ti, Editura Antet, 2001).<\/p>\n<\/div><\/div><\/div><\/div><\/div><\/div>","protected":false},"excerpt":{"rendered":"","protected":false},"author":5,"featured_media":0,"parent":0,"menu_order":0,"comment_status":"closed","ping_status":"closed","template":"100-width.php","meta":{"_acf_changed":false,"footnotes":""},"class_list":["post-2766","page","type-page","status-publish","hentry"],"acf":[],"yoast_head":"<!-- This site is optimized with the Yoast SEO plugin v25.0 - https:\/\/yoast.com\/wordpress\/plugins\/seo\/ -->\n<title>Author guidlines - Etnosfera Journal<\/title>\n<meta name=\"robots\" content=\"noindex, follow, max-snippet:-1, max-image-preview:large, max-video-preview:-1\" \/>\n<meta property=\"og:locale\" content=\"ro_RO\" \/>\n<meta property=\"og:type\" content=\"article\" \/>\n<meta property=\"og:title\" content=\"Author guidlines - Etnosfera Journal\" \/>\n<meta property=\"og:url\" content=\"http:\/\/www.staging.etnosfera.ro\/ro\/author-guidlines\/\" \/>\n<meta property=\"og:site_name\" content=\"Etnosfera Journal\" \/>\n<meta property=\"article:modified_time\" content=\"2025-07-10T20:47:21+00:00\" \/>\n<meta name=\"twitter:card\" content=\"summary_large_image\" \/>\n<meta name=\"twitter:label1\" content=\"Timp estimat pentru citire\" \/>\n\t<meta name=\"twitter:data1\" content=\"5 minute\" \/>\n<script type=\"application\/ld+json\" class=\"yoast-schema-graph\">{\"@context\":\"https:\/\/schema.org\",\"@graph\":[{\"@type\":\"WebPage\",\"@id\":\"http:\/\/www.staging.etnosfera.ro\/author-guidlines\/\",\"url\":\"http:\/\/www.staging.etnosfera.ro\/author-guidlines\/\",\"name\":\"Author guidlines - Etnosfera Journal\",\"isPartOf\":{\"@id\":\"https:\/\/www.staging.etnosfera.ro\/#website\"},\"datePublished\":\"2025-07-09T14:14:06+00:00\",\"dateModified\":\"2025-07-10T20:47:21+00:00\",\"inLanguage\":\"ro-RO\",\"potentialAction\":[{\"@type\":\"ReadAction\",\"target\":[\"http:\/\/www.staging.etnosfera.ro\/author-guidlines\/\"]}]},{\"@type\":\"WebSite\",\"@id\":\"https:\/\/www.staging.etnosfera.ro\/#website\",\"url\":\"https:\/\/www.staging.etnosfera.ro\/\",\"name\":\"Etnosfera Journal\",\"description\":\"\",\"potentialAction\":[{\"@type\":\"SearchAction\",\"target\":{\"@type\":\"EntryPoint\",\"urlTemplate\":\"https:\/\/www.staging.etnosfera.ro\/?s={search_term_string}\"},\"query-input\":{\"@type\":\"PropertyValueSpecification\",\"valueRequired\":true,\"valueName\":\"search_term_string\"}}],\"inLanguage\":\"ro-RO\"}]}<\/script>\n<!-- \/ Yoast SEO plugin. -->","yoast_head_json":{"title":"Author guidlines - Etnosfera Journal","robots":{"index":"noindex","follow":"follow","max-snippet":"max-snippet:-1","max-image-preview":"max-image-preview:large","max-video-preview":"max-video-preview:-1"},"og_locale":"ro_RO","og_type":"article","og_title":"Author guidlines - Etnosfera Journal","og_url":"http:\/\/www.staging.etnosfera.ro\/ro\/author-guidlines\/","og_site_name":"Etnosfera Journal","article_modified_time":"2025-07-10T20:47:21+00:00","twitter_card":"summary_large_image","twitter_misc":{"Timp estimat pentru citire":"5 minute"},"schema":{"@context":"https:\/\/schema.org","@graph":[{"@type":"WebPage","@id":"http:\/\/www.staging.etnosfera.ro\/author-guidlines\/","url":"http:\/\/www.staging.etnosfera.ro\/author-guidlines\/","name":"Author guidlines - Etnosfera Journal","isPartOf":{"@id":"https:\/\/www.staging.etnosfera.ro\/#website"},"datePublished":"2025-07-09T14:14:06+00:00","dateModified":"2025-07-10T20:47:21+00:00","inLanguage":"ro-RO","potentialAction":[{"@type":"ReadAction","target":["http:\/\/www.staging.etnosfera.ro\/author-guidlines\/"]}]},{"@type":"WebSite","@id":"https:\/\/www.staging.etnosfera.ro\/#website","url":"https:\/\/www.staging.etnosfera.ro\/","name":"Etnosfera Journal","description":"","potentialAction":[{"@type":"SearchAction","target":{"@type":"EntryPoint","urlTemplate":"https:\/\/www.staging.etnosfera.ro\/?s={search_term_string}"},"query-input":{"@type":"PropertyValueSpecification","valueRequired":true,"valueName":"search_term_string"}}],"inLanguage":"ro-RO"}]}},"_links":{"self":[{"href":"http:\/\/www.staging.etnosfera.ro\/ro\/wp-json\/wp\/v2\/pages\/2766","targetHints":{"allow":["GET"]}}],"collection":[{"href":"http:\/\/www.staging.etnosfera.ro\/ro\/wp-json\/wp\/v2\/pages"}],"about":[{"href":"http:\/\/www.staging.etnosfera.ro\/ro\/wp-json\/wp\/v2\/types\/page"}],"author":[{"embeddable":true,"href":"http:\/\/www.staging.etnosfera.ro\/ro\/wp-json\/wp\/v2\/users\/5"}],"replies":[{"embeddable":true,"href":"http:\/\/www.staging.etnosfera.ro\/ro\/wp-json\/wp\/v2\/comments?post=2766"}],"version-history":[{"count":8,"href":"http:\/\/www.staging.etnosfera.ro\/ro\/wp-json\/wp\/v2\/pages\/2766\/revisions"}],"predecessor-version":[{"id":2861,"href":"http:\/\/www.staging.etnosfera.ro\/ro\/wp-json\/wp\/v2\/pages\/2766\/revisions\/2861"}],"wp:attachment":[{"href":"http:\/\/www.staging.etnosfera.ro\/ro\/wp-json\/wp\/v2\/media?parent=2766"}],"curies":[{"name":"wp","href":"https:\/\/api.w.org\/{rel}","templated":true}]}}